{"id":210,"date":"2024-08-02T12:27:26","date_gmt":"2024-08-02T12:27:26","guid":{"rendered":"https:\/\/stefyboutique.ro\/wp\/?page_id=210"},"modified":"2025-06-29T11:25:24","modified_gmt":"2025-06-29T11:25:24","slug":"corporate-events","status":"publish","type":"page","link":"https:\/\/stefyboutique.ro\/wp\/corporate-events\/","title":{"rendered":"Evenimente private si traditii"},"content":{"rendered":"\n<h3 class=\"wp-block-heading\">Evenimente Private \u0219i Religioase \u2013 Lum\u00e2n\u0103ri de Botez &amp; Aranjamente Florale<\/h3>\n\n\n\n<p><strong>Emo\u021bie. Elegan\u021b\u0103. Spiritualitate.<\/strong><br>Fiecare moment special merit\u0103 s\u0103 fie \u00eenso\u021bit de frumuse\u021bea florilor \u0219i de simboluri care s\u0103 \u00eei dea profunzime. Ne dedic\u0103m realiz\u0103rii de <strong>lum\u00e2n\u0103ri de botez personalizate<\/strong> \u0219i <strong>aranjamente florale pentru cristelni\u021b\u0103<\/strong>, menite s\u0103 \u00eennobileze acest prim \u0219i sf\u00e2nt pas din via\u021ba copilului.<\/p>\n\n\n\n<h4 class=\"wp-block-heading\">Lum\u00e2n\u0103ri de Botez si sau cununie religioasa<\/h4>\n\n\n\n<p>Confec\u021bion\u0103m cu grij\u0103 \u0219i rafinament lum\u00e2n\u0103ri de botez care \u00eembin\u0103 armonios florile naturale cu elemente decorative delicate \u2013 dantel\u0103, panglici, juc\u0103rii tematice sau broderii personalizate cu numele copilului. Stilul poate varia de la clasic \u0219i elegant, p\u00e2n\u0103 la modern sau tematic, \u00een func\u021bie de dorin\u021bele p\u0103rin\u021bilor sau ale na\u0219ilor.<\/p>\n\n\n\n<div class=\"wp-block-columns is-layout-flex wp-container-core-columns-is-layout-9d6595d7 wp-block-columns-is-layout-flex\">\n<div class=\"wp-block-column is-layout-flow wp-block-column-is-layout-flow\"><div class=\"wp-block-image\">\n<figure class=\"aligncenter size-large\"><img loading=\"lazy\" decoding=\"async\" width=\"461\" height=\"1024\" src=\"https:\/\/stefyboutique.ro\/wp\/wp-content\/uploads\/2025\/06\/20230923_093733-461x1024.jpg\" alt=\"\" class=\"wp-image-543\" srcset=\"https:\/\/stefyboutique.ro\/wp\/wp-content\/uploads\/2025\/06\/20230923_093733-461x1024.jpg 461w, https:\/\/stefyboutique.ro\/wp\/wp-content\/uploads\/2025\/06\/20230923_093733-scaled-600x1332.jpg 600w, https:\/\/stefyboutique.ro\/wp\/wp-content\/uploads\/2025\/06\/20230923_093733-135x300.jpg 135w, https:\/\/stefyboutique.ro\/wp\/wp-content\/uploads\/2025\/06\/20230923_093733-768x1705.jpg 768w, https:\/\/stefyboutique.ro\/wp\/wp-content\/uploads\/2025\/06\/20230923_093733-692x1536.jpg 692w, https:\/\/stefyboutique.ro\/wp\/wp-content\/uploads\/2025\/06\/20230923_093733-922x2048.jpg 922w, https:\/\/stefyboutique.ro\/wp\/wp-content\/uploads\/2025\/06\/20230923_093733-scaled.jpg 1153w\" sizes=\"auto, (max-width: 461px) 100vw, 461px\" \/><\/figure>\n<\/div><\/div>\n\n\n\n<div class=\"wp-block-column is-layout-flow wp-block-column-is-layout-flow\"><div class=\"wp-block-image\">\n<figure class=\"aligncenter size-large\"><img loading=\"lazy\" decoding=\"async\" width=\"461\" height=\"1024\" src=\"https:\/\/stefyboutique.ro\/wp\/wp-content\/uploads\/2025\/06\/20230923_093957-461x1024.jpg\" alt=\"\" class=\"wp-image-539\" srcset=\"https:\/\/stefyboutique.ro\/wp\/wp-content\/uploads\/2025\/06\/20230923_093957-461x1024.jpg 461w, https:\/\/stefyboutique.ro\/wp\/wp-content\/uploads\/2025\/06\/20230923_093957-scaled-600x1332.jpg 600w, https:\/\/stefyboutique.ro\/wp\/wp-content\/uploads\/2025\/06\/20230923_093957-135x300.jpg 135w, https:\/\/stefyboutique.ro\/wp\/wp-content\/uploads\/2025\/06\/20230923_093957-768x1705.jpg 768w, https:\/\/stefyboutique.ro\/wp\/wp-content\/uploads\/2025\/06\/20230923_093957-692x1536.jpg 692w, https:\/\/stefyboutique.ro\/wp\/wp-content\/uploads\/2025\/06\/20230923_093957-922x2048.jpg 922w, https:\/\/stefyboutique.ro\/wp\/wp-content\/uploads\/2025\/06\/20230923_093957-scaled.jpg 1153w\" sizes=\"auto, (max-width: 461px) 100vw, 461px\" \/><\/figure>\n<\/div><\/div>\n\n\n\n<div class=\"wp-block-column is-layout-flow wp-block-column-is-layout-flow\"><div class=\"wp-block-image\">\n<figure class=\"aligncenter size-large\"><img loading=\"lazy\" decoding=\"async\" width=\"461\" height=\"1024\" src=\"https:\/\/stefyboutique.ro\/wp\/wp-content\/uploads\/2025\/06\/20230923_093940-461x1024.jpg\" alt=\"\" class=\"wp-image-542\" srcset=\"https:\/\/stefyboutique.ro\/wp\/wp-content\/uploads\/2025\/06\/20230923_093940-461x1024.jpg 461w, https:\/\/stefyboutique.ro\/wp\/wp-content\/uploads\/2025\/06\/20230923_093940-scaled-600x1332.jpg 600w, https:\/\/stefyboutique.ro\/wp\/wp-content\/uploads\/2025\/06\/20230923_093940-135x300.jpg 135w, https:\/\/stefyboutique.ro\/wp\/wp-content\/uploads\/2025\/06\/20230923_093940-768x1705.jpg 768w, https:\/\/stefyboutique.ro\/wp\/wp-content\/uploads\/2025\/06\/20230923_093940-692x1536.jpg 692w, https:\/\/stefyboutique.ro\/wp\/wp-content\/uploads\/2025\/06\/20230923_093940-922x2048.jpg 922w, https:\/\/stefyboutique.ro\/wp\/wp-content\/uploads\/2025\/06\/20230923_093940-scaled.jpg 1153w\" sizes=\"auto, (max-width: 461px) 100vw, 461px\" \/><\/figure>\n<\/div><\/div>\n<\/div>\n\n\n\n<h4 class=\"wp-block-heading\">Aranjamente pentru Cristelni\u021b\u0103<\/h4>\n\n\n\n<p>Punem \u00een valoare cristelni\u021ba cu aranjamente florale spectaculoase sau simple, dar de efect \u2013 \u00een ton cu lum\u00e2narea \u0219i cu tematica ceremoniei. Lucr\u0103m doar cu flori proaspete, atent selec\u021bionate, pentru a crea un decor discret, elegant \u0219i plin de semnifica\u021bie.<\/p>\n\n\n\n<figure class=\"wp-block-image size-large\"><img loading=\"lazy\" decoding=\"async\" width=\"1707\" height=\"2560\" src=\"https:\/\/stefyboutique.ro\/wp\/wp-content\/uploads\/2025\/06\/20240511_160137-edited-scaled.jpg\" alt=\"\" class=\"wp-image-528\" srcset=\"https:\/\/stefyboutique.ro\/wp\/wp-content\/uploads\/2025\/06\/20240511_160137-edited-scaled.jpg 1707w, https:\/\/stefyboutique.ro\/wp\/wp-content\/uploads\/2025\/06\/20240511_160137-edited-scaled-600x900.jpg 600w, https:\/\/stefyboutique.ro\/wp\/wp-content\/uploads\/2025\/06\/20240511_160137-edited-200x300.jpg 200w, https:\/\/stefyboutique.ro\/wp\/wp-content\/uploads\/2025\/06\/20240511_160137-edited-683x1024.jpg 683w, https:\/\/stefyboutique.ro\/wp\/wp-content\/uploads\/2025\/06\/20240511_160137-edited-768x1152.jpg 768w, https:\/\/stefyboutique.ro\/wp\/wp-content\/uploads\/2025\/06\/20240511_160137-edited-1024x1536.jpg 1024w, https:\/\/stefyboutique.ro\/wp\/wp-content\/uploads\/2025\/06\/20240511_160137-edited-1366x2048.jpg 1366w\" sizes=\"auto, (max-width: 1707px) 100vw, 1707px\" \/><\/figure>\n\n\n\n<h4 class=\"wp-block-heading\">Servicii personalizate<\/h4>\n\n\n\n<ul class=\"wp-block-list\">\n<li>Design floral \u0219i consultan\u021b\u0103 tematic\u0103<\/li>\n\n\n\n<li>Livrare \u0219i montaj la biseric\u0103 sau la loca\u021bia evenimentului<\/li>\n\n\n\n<li>Posibilitate de seturi coordonate (lum\u00e2nare + cristelni\u021b\u0103 + decor tematic)<\/li>\n<\/ul>\n\n\n\n<p>Fie c\u0103 \u00ee\u021bi dore\u0219ti un decor tradi\u021bional sau un stil modern, suntem aici pentru a ad\u0103uga un plus de magie \u0219i emo\u021bie acestui moment unic din via\u021ba familiei tale.<\/p>\n\n\n\n<p>\ud83d\udcde <strong>Contacteaz\u0103-ne<\/strong> pentru o ofert\u0103 personalizat\u0103 \u0219i consultan\u021b\u0103 gratuit\u0103!<\/p>\n","protected":false},"excerpt":{"rendered":"<p>Evenimente Private \u0219i Religioase \u2013 Lum\u00e2n\u0103ri de Botez &amp; Aranjamente Florale Emo\u021bie. Elegan\u021b\u0103. Spiritualitate.Fiecare moment special merit\u0103 s\u0103 fie \u00eenso\u021bit de frumuse\u021bea florilor \u0219i de simboluri care s\u0103 \u00eei dea profunzime. Ne dedic\u0103m realiz\u0103rii de lum\u00e2n\u0103ri de botez personalizate \u0219i aranjamente florale pentru cristelni\u021b\u0103, menite s\u0103 \u00eennobileze acest prim \u0219i sf\u00e2nt pas din via\u021ba copilului. [&hellip;]<\/p>\n","protected":false},"author":1,"featured_media":0,"parent":0,"menu_order":0,"comment_status":"closed","ping_status":"closed","template":"","meta":{"footnotes":""},"class_list":["post-210","page","type-page","status-publish","hentry"],"jetpack_sharing_enabled":true,"_links":{"self":[{"href":"https:\/\/stefyboutique.ro\/wp\/wp-json\/wp\/v2\/pages\/210","targetHints":{"allow":["GET"]}}],"collection":[{"href":"https:\/\/stefyboutique.ro\/wp\/wp-json\/wp\/v2\/pages"}],"about":[{"href":"https:\/\/stefyboutique.ro\/wp\/wp-json\/wp\/v2\/types\/page"}],"author":[{"embeddable":true,"href":"https:\/\/stefyboutique.ro\/wp\/wp-json\/wp\/v2\/users\/1"}],"replies":[{"embeddable":true,"href":"https:\/\/stefyboutique.ro\/wp\/wp-json\/wp\/v2\/comments?post=210"}],"version-history":[{"count":4,"href":"https:\/\/stefyboutique.ro\/wp\/wp-json\/wp\/v2\/pages\/210\/revisions"}],"predecessor-version":[{"id":545,"href":"https:\/\/stefyboutique.ro\/wp\/wp-json\/wp\/v2\/pages\/210\/revisions\/545"}],"wp:attachment":[{"href":"https:\/\/stefyboutique.ro\/wp\/wp-json\/wp\/v2\/media?parent=210"}],"curies":[{"name":"wp","href":"https:\/\/api.w.org\/{rel}","templated":true}]}}